{"id":1485,"date":"2017-06-03T14:11:23","date_gmt":"2017-06-03T14:11:23","guid":{"rendered":"http:\/\/www.swiss-eduservice.com\/fr\/offers\/"},"modified":"2018-11-18T11:23:24","modified_gmt":"2018-11-18T11:23:24","slug":"offres","status":"publish","type":"page","link":"https:\/\/www.swiss-eduservice.com\/fr\/offres\/","title":{"rendered":"OFFRES"},"content":{"rendered":"<p>[et_pb_section admin_label=&#8221;Section&#8221; fullwidth=&#8221;on&#8221; specialty=&#8221;off&#8221;][et_pb_fullwidth_code admin_label=&#8221;Fullwidth Code&#8221;][smartslider3 slider=79][\/et_pb_fullwidth_code][\/et_pb_section][et_pb_section admin_label=&#8221;Section&#8221; fullwidth=&#8221;off&#8221; specialty=&#8221;off&#8221; transparent_background=&#8221;off&#8221; allow_player_pause=&#8221;off&#8221; inner_shadow=&#8221;off&#8221; parallax=&#8221;off&#8221; parallax_method=&#8221;off&#8221; custom_padding=&#8221;0px||0px|&#8221; padding_mobile=&#8221;off&#8221; make_fullwidth=&#8221;off&#8221; use_custom_width=&#8221;off&#8221; width_unit=&#8221;on&#8221; make_equal=&#8221;off&#8221; use_custom_gutter=&#8221;off&#8221; background_color=&#8221;rgba(255,255,255,0)&#8221;][et_pb_row admin_label=&#8221;Row&#8221; make_fullwidth=&#8221;off&#8221; use_custom_width=&#8221;off&#8221; width_unit=&#8221;on&#8221; use_custom_gutter=&#8221;off&#8221; gutter_width=&#8221;0&#8243; padding_mobile=&#8221;on&#8221; allow_player_pause=&#8221;off&#8221; parallax=&#8221;off&#8221; parallax_method=&#8221;off&#8221; make_equal=&#8221;off&#8221; parallax_1=&#8221;off&#8221; parallax_method_1=&#8221;off&#8221; parallax_2=&#8221;off&#8221; parallax_method_2=&#8221;off&#8221; parallax_3=&#8221;off&#8221; parallax_method_3=&#8221;off&#8221; column_padding_mobile=&#8221;on&#8221; custom_padding=&#8221;||0px|&#8221;][et_pb_column type=&#8221;4_4&#8243;][et_pb_text admin_label=&#8221;Text&#8221; background_layout=&#8221;light&#8221; text_orientation=&#8221;center&#8221; use_border_color=&#8221;off&#8221; border_color=&#8221;#ffffff&#8221; border_style=&#8221;solid&#8221; custom_margin=&#8221;||15px|&#8221; text_font=&#8221;|||on|&#8221;]<\/p>\n<h1 style=\"font-size:35px\">voyage linguistique<\/h1>\n<p>[\/et_pb_text][et_pb_text admin_label=&#8221;Text&#8221; background_layout=&#8221;light&#8221; text_orientation=&#8221;justified&#8221; use_border_color=&#8221;off&#8221; border_color=&#8221;#ffffff&#8221; border_style=&#8221;solid&#8221; custom_css_main_element=&#8221;font-size:16px !important;&#8221;]<\/p>\n<p>Les s\u00e9jours linguistiques s\u2019adressent \u00e0 tous ceux qui projettent de partir \u00e0 l\u2019\u00e9tranger pour apprendre une langue \u00e9trang\u00e8re. Grace a cette immersion \u00e0 la fois linguistic et culturelle, ils permettent une amelioration rapide de votre connaissances linguistiques. <em>SES<\/em> vous propose de partir \u00e0 l&#8217;\u00e9tranger pour \u00e9tudiez une langue \u00e0 l&#8217;\u00e9tranger, pour d\u00e9couvrez le monde et des nouvelles cultures et pour p\u00e9parez votre future \u00e0 l\u2019international.  Vous allez pouvoir rentrez chez vous avec avec un niveau linguistique bien meilleur!<\/p>\n<p>[\/et_pb_text][\/et_pb_column][\/et_pb_row][\/et_pb_section][et_pb_section admin_label=&#8221;section&#8221;][et_pb_row admin_label=&#8221;Row&#8221;][et_pb_column type=&#8221;4_4&#8243;][et_pb_divider admin_label=&#8221;Divider&#8221; color=&#8221;#a5a5a5&#8243; show_divider=&#8221;on&#8221; divider_style=&#8221;solid&#8221; divider_position=&#8221;top&#8221; hide_on_mobile=&#8221;on&#8221;]<\/p>\n<p>[\/et_pb_divider][\/et_pb_column][\/et_pb_row][et_pb_row admin_label=&#8221;row&#8221; make_fullwidth=&#8221;off&#8221; use_custom_width=&#8221;off&#8221; width_unit=&#8221;on&#8221; use_custom_gutter=&#8221;off&#8221; padding_mobile=&#8221;off&#8221; allow_player_pause=&#8221;off&#8221; parallax=&#8221;off&#8221; parallax_method=&#8221;off&#8221; make_equal=&#8221;off&#8221; parallax_1=&#8221;off&#8221; parallax_method_1=&#8221;off&#8221; padding_top_1=&#8221;50px&#8221; padding_1_tablet=&#8221;30px|||&#8221; padding_1_last_edited=&#8221;on|phone&#8221; parallax_2=&#8221;off&#8221; parallax_method_2=&#8221;off&#8221; column_padding_mobile=&#8221;on&#8221;][et_pb_column type=&#8221;4_4&#8243;][et_pb_text admin_label=&#8221;Text&#8221; background_layout=&#8221;light&#8221; text_orientation=&#8221;left&#8221; use_border_color=&#8221;off&#8221; border_color=&#8221;#ffffff&#8221; border_style=&#8221;solid&#8221; custom_margin=&#8221;||50px|&#8221; custom_margin_tablet=&#8221;||20px|&#8221; custom_margin_last_edited=&#8221;on|desktop&#8221;]<\/p>\n<p>SES  vous offre 2 formules souples,  modulables et personnalis\u00e9es pour vous permettre d&#8217;atteindre le niveau de ma\u00eetrise que vous souhaitez:<\/p>\n<hr class=\"hr-h2\">\n<p>[\/et_pb_text][et_pb_text admin_label=&#8221;Text&#8221; background_layout=&#8221;light&#8221; text_orientation=&#8221;justified&#8221; use_border_color=&#8221;off&#8221; border_color=&#8221;#ffffff&#8221; border_style=&#8221;solid&#8221; custom_css_main_element=&#8221;font-size:16px !important;&#8221;]<\/p>\n<ul>\n<li style=\"margin-bottom: 45px;\">Un s\u00e9jour en immersion totale dans une famille d\u2019accueil vous donnerez le go\u00fbt pour les langues \u00e9trang\u00e8res, et vous permettrez de gagner en aisance \u00e0 l\u2019oral et de prendre confiance en vous.<\/li>\n<li>\u00c9tudiez une langue \u00e0 l&#8217;\u00e9tranger dans l&#8217;une de nos \u00e9coles SES accr\u00e9dit\u00e9es o\u00f9 votre langue cible est une langue officielle et cumulez ces b\u00e9n\u00e9fices avec les plaisirs de la d\u00e9couverte d&#8217;une nouvelle culture.<\/li>\n<\/ul>\n<p>[\/et_pb_text][\/et_pb_column][\/et_pb_row][et_pb_row admin_label=&#8221;row&#8221; make_fullwidth=&#8221;off&#8221; use_custom_width=&#8221;off&#8221; width_unit=&#8221;on&#8221; use_custom_gutter=&#8221;off&#8221; padding_mobile=&#8221;off&#8221; allow_player_pause=&#8221;off&#8221; parallax=&#8221;off&#8221; parallax_method=&#8221;off&#8221; make_equal=&#8221;off&#8221; parallax_1=&#8221;off&#8221; parallax_method_1=&#8221;off&#8221; padding_1_last_edited=&#8221;off|phone&#8221; parallax_2=&#8221;off&#8221; parallax_method_2=&#8221;off&#8221; column_padding_mobile=&#8221;on&#8221;][et_pb_column type=&#8221;1_2&#8243;][et_pb_image admin_label=&#8221;Image&#8221; src=&#8221;http:\/\/www.swiss-eduservice.com\/wp-content\/uploads\/2017\/11\/IMG_5689.jpg&#8221; show_in_lightbox=&#8221;off&#8221; url_new_window=&#8221;off&#8221; use_overlay=&#8221;off&#8221; animation=&#8221;off&#8221; sticky=&#8221;off&#8221; align=&#8221;left&#8221; force_fullwidth=&#8221;off&#8221; always_center_on_mobile=&#8221;on&#8221; use_border_color=&#8221;off&#8221; border_color=&#8221;#ffffff&#8221; border_style=&#8221;solid&#8221;]<\/p>\n<p>[\/et_pb_image][\/et_pb_column][et_pb_column type=&#8221;1_2&#8243;][et_pb_image admin_label=&#8221;Image&#8221; src=&#8221;http:\/\/swiss-eduservice.com\/wp-content\/uploads\/2017\/06\/frankreich_tours_CLE_lesson12_JM.jpg&#8221; show_in_lightbox=&#8221;off&#8221; url_new_window=&#8221;off&#8221; use_overlay=&#8221;off&#8221; animation=&#8221;off&#8221; sticky=&#8221;off&#8221; align=&#8221;left&#8221; force_fullwidth=&#8221;off&#8221; always_center_on_mobile=&#8221;on&#8221; use_border_color=&#8221;off&#8221; border_color=&#8221;#ffffff&#8221; border_style=&#8221;solid&#8221;]<\/p>\n<p>[\/et_pb_image][\/et_pb_column][\/et_pb_row][et_pb_row admin_label=&#8221;row&#8221; make_fullwidth=&#8221;off&#8221; use_custom_width=&#8221;off&#8221; width_unit=&#8221;on&#8221; use_custom_gutter=&#8221;off&#8221; padding_mobile=&#8221;off&#8221; allow_player_pause=&#8221;off&#8221; parallax=&#8221;off&#8221; parallax_method=&#8221;off&#8221; make_equal=&#8221;off&#8221; parallax_1=&#8221;off&#8221; parallax_method_1=&#8221;off&#8221; padding_1_tablet=&#8221;30px|||&#8221; padding_1_last_edited=&#8221;off|phone&#8221; parallax_2=&#8221;off&#8221; parallax_method_2=&#8221;off&#8221; column_padding_mobile=&#8221;on&#8221;][et_pb_column type=&#8221;4_4&#8243;][et_pb_text admin_label=&#8221;Text&#8221; background_layout=&#8221;light&#8221; text_orientation=&#8221;justified&#8221; use_border_color=&#8221;off&#8221; border_color=&#8221;#ffffff&#8221; border_style=&#8221;solid&#8221; custom_css_main_element=&#8221;font-size:16px !important;&#8221;]<\/p>\n<p>Les s\u00e9jours linguistiques avec SES vous offre les benifices suivants:<\/p>\n<ul id=\"list-space\">\n<li>Etudiants, adultes en activit\u00e9 ou en reconversion ou ayant simplement l&#8217;envie d&#8217;apprendre une langue, SES vous emm\u00e8ne au bout du monde pour un voyage linguistique de quelques jours \u00e0 plusieurs mois.<\/li>\n<li>SES  vous garantit de b\u00e9n\u00e9ficier des meilleurs prix du march\u00e9 en Suisse avec toujours le m\u00eame niveau de qualit\u00e9.<\/li>\n<li>Dans nos \u00e9coles SES accr\u00e9dit\u00e9es, l&#8217;effort est \u00e9galement port\u00e9 au d\u00e9veloppement des comp\u00e9tences orales des \u00e9tudiants par un entra\u00eenement soutenu, de nombreux ateliers et cours interactifs.<\/li>\n<li>Choisissez la famille d\u2019accueil qui vous correspond le plus et selon vos propres crit\u00e8res et ansi vous partir \u00e0 l\u2019\u00e9tranger en toute s\u00e9r\u00e9nit\u00e9<\/li>\n<li>Passer des vacances linguistiques \u00e0 l\u2019\u00e9tranger dans une famille d\u2019accueil, c\u2019est en effet une mani\u00e8re plus intense, mais aussi plus ludique d\u2019apprendre une langue \u00e9trang\u00e8re.<\/li>\n<li>Des milliers de familles d\u2019accueil ont \u00e9t\u00e9 approuv\u00e9es dans le monde entier. Vous n\u2019avez plus qu\u2019\u00e0 choisir: pr\u00e9f\u00e9rez-vous un vacance linguistique en Angleterre, aux Etats-Unis, au Canada ou en Australie ? <\/li>\n<\/ul>\n<p>[\/et_pb_text][\/et_pb_column][\/et_pb_row][et_pb_row admin_label=&#8221;Row&#8221;][et_pb_column type=&#8221;4_4&#8243;][et_pb_divider admin_label=&#8221;Divider&#8221; color=&#8221;#a5a5a5&#8243; show_divider=&#8221;on&#8221; divider_style=&#8221;solid&#8221; divider_position=&#8221;top&#8221; hide_on_mobile=&#8221;on&#8221;]<\/p>\n<p>[\/et_pb_divider][\/et_pb_column][\/et_pb_row][et_pb_row admin_label=&#8221;Row&#8221; make_fullwidth=&#8221;on&#8221; use_custom_width=&#8221;off&#8221; width_unit=&#8221;on&#8221; use_custom_gutter=&#8221;off&#8221; padding_mobile=&#8221;off&#8221; allow_player_pause=&#8221;off&#8221; parallax=&#8221;off&#8221; parallax_method=&#8221;off&#8221; make_equal=&#8221;off&#8221; parallax_1=&#8221;off&#8221; parallax_method_1=&#8221;off&#8221; column_padding_mobile=&#8221;on&#8221;][et_pb_column type=&#8221;4_4&#8243;][et_pb_text admin_label=&#8221;Text&#8221; background_layout=&#8221;light&#8221; text_orientation=&#8221;center&#8221; text_font_size=&#8221;24&#8243; use_border_color=&#8221;off&#8221; border_color=&#8221;#ffffff&#8221; border_style=&#8221;solid&#8221; text_line_height=&#8221;1.6em&#8221;]<\/p>\n<p>POUR PLUS D\u2019INFORMATIONS SUR NOS S\u00c9JOURS LINGUISTIQUES OU POUR DES QUESTIONS G\u00c9N\u00c9RALES, S\u2019IL VOUS PLAIT N\u2019H\u00c9SITEZ PAS \u00c0 NOUS CONTACTER POUR UNE OFFRE D\u00c9TAILL\u00c9E.<br \/>\nCONTACTEZ-NOUS, NOUS VOUS CONSEILLONS VOLONTIERS.<\/p>\n<p>[\/et_pb_text][et_pb_button admin_label=&#8221;Button&#8221; button_url=&#8221;\/fr\/sejours-linguistique-contact-demande-d-information\/&#8221; url_new_window=&#8221;off&#8221; button_text=&#8221;FORMULAIRE DE CONTACT&#8221; button_alignment=&#8221;center&#8221; background_layout=&#8221;light&#8221; custom_button=&#8221;on&#8221; button_text_color=&#8221;#ffffff&#8221; button_bg_color=&#8221;#0390c5&#8243; button_border_width=&#8221;0&#8243; button_border_radius=&#8221;0&#8243; button_letter_spacing=&#8221;0&#8243; button_use_icon=&#8221;off&#8221; button_icon_placement=&#8221;right&#8221; button_on_hover=&#8221;on&#8221; button_text_color_hover=&#8221;#ffffff&#8221; button_bg_color_hover=&#8221;rgba(3,144,197,0.71)&#8221; button_letter_spacing_hover=&#8221;0&#8243;]<\/p>\n<p>[\/et_pb_button][\/et_pb_column][\/et_pb_row][\/et_pb_section][et_pb_section admin_label=&#8221;Section&#8221; fullwidth=&#8221;off&#8221; specialty=&#8221;off&#8221; background_image=&#8221;http:\/\/swiss-eduservice.com\/wp-content\/uploads\/2017\/04\/features-5.jpg&#8221; transparent_background=&#8221;off&#8221; allow_player_pause=&#8221;off&#8221; inner_shadow=&#8221;off&#8221; parallax=&#8221;on&#8221; parallax_method=&#8221;off&#8221; padding_mobile=&#8221;off&#8221; make_fullwidth=&#8221;off&#8221; use_custom_width=&#8221;off&#8221; width_unit=&#8221;on&#8221; make_equal=&#8221;off&#8221; use_custom_gutter=&#8221;off&#8221; custom_css_main_element=&#8221;    border-radius: 6px;||    margin-left: 20px;||    margin-right: 20px;||box-shadow: 0 0 44px rgba(0, 0, 0, 0.7) !important;||-webkit-box-shadow: 0 0 44px rgba(0, 0, 0, 0.7)  !important;||    -moz-box-shadow: 0 0 44px rgba(0, 0, 0, 0.7) !important;&#8221;][et_pb_row admin_label=&#8221;Row&#8221; make_fullwidth=&#8221;on&#8221; use_custom_width=&#8221;on&#8221; width_unit=&#8221;off&#8221; use_custom_gutter=&#8221;on&#8221; gutter_width=&#8221;0&#8243; padding_mobile=&#8221;off&#8221; allow_player_pause=&#8221;off&#8221; parallax=&#8221;off&#8221; parallax_method=&#8221;off&#8221; make_equal=&#8221;off&#8221; parallax_1=&#8221;off&#8221; parallax_method_1=&#8221;off&#8221; padding_right_1=&#8221;50px&#8221; padding_left_1=&#8221;50px&#8221; padding_1_last_edited=&#8221;on|phone&#8221; parallax_2=&#8221;off&#8221; parallax_method_2=&#8221;off&#8221; padding_right_2=&#8221;50px&#8221; padding_left_2=&#8221;50px&#8221; padding_2_last_edited=&#8221;on|tablet&#8221; parallax_3=&#8221;off&#8221; parallax_method_3=&#8221;off&#8221; padding_right_3=&#8221;50px&#8221; padding_left_3=&#8221;50px&#8221; padding_3_last_edited=&#8221;on|phone&#8221; parallax_4=&#8221;off&#8221; parallax_method_4=&#8221;off&#8221; padding_right_4=&#8221;50px&#8221; padding_left_4=&#8221;50px&#8221; padding_4_last_edited=&#8221;on|phone&#8221; column_padding_mobile=&#8221;on&#8221; custom_css_main_1=&#8221;    border-right: 2px solid #fff;&#8221; custom_css_main_2=&#8221;    border-right: 2px solid #fff;&#8221; custom_css_main_3=&#8221;    border-right: 2px solid #fff;&#8221; padding_1_tablet=&#8221;|20px||20px&#8221; padding_1_phone=&#8221;|10px||10px&#8221; padding_2_tablet=&#8221;|10px||10px&#8221; padding_3_tablet=&#8221;|20px||20px&#8221; padding_3_phone=&#8221;|10px||10px&#8221; padding_4_tablet=&#8221;|20px||20px&#8221; padding_4_phone=&#8221;|10px||10px&#8221;][et_pb_column type=&#8221;1_4&#8243;][et_pb_blurb admin_label=&#8221;Blurb&#8221; url_new_window=&#8221;off&#8221; use_icon=&#8221;off&#8221; icon_color=&#8221;#7EBEC5&#8243; use_circle=&#8221;off&#8221; circle_color=&#8221;#7EBEC5&#8243; use_circle_border=&#8221;off&#8221; circle_border_color=&#8221;#7EBEC5&#8243; image=&#8221;http:\/\/swiss-eduservice.com\/wp-content\/uploads\/2017\/04\/worlwide.png&#8221; icon_placement=&#8221;top&#8221; animation=&#8221;off&#8221; background_layout=&#8221;dark&#8221; text_orientation=&#8221;center&#8221; use_icon_font_size=&#8221;off&#8221; use_border_color=&#8221;off&#8221; border_color=&#8221;#ffffff&#8221; border_style=&#8221;solid&#8221; url=&#8221;\/fr\/pour-les-etudiants\/&#8221; body_font_size=&#8221;13&#8243;]<\/p>\n<p><strong>\u00c9TUDIER \u00c0 <br \/>L\u2019\u00c9TRANGER<\/strong><\/p>\n<p>[\/et_pb_blurb][\/et_pb_column][et_pb_column type=&#8221;1_4&#8243;][et_pb_blurb admin_label=&#8221;Blurb&#8221; url_new_window=&#8221;off&#8221; use_icon=&#8221;off&#8221; icon_color=&#8221;#7EBEC5&#8243; use_circle=&#8221;off&#8221; circle_color=&#8221;#7EBEC5&#8243; use_circle_border=&#8221;off&#8221; circle_border_color=&#8221;#7EBEC5&#8243; image=&#8221;http:\/\/swiss-eduservice.com\/wp-content\/uploads\/2017\/04\/books-stack-of-three.png&#8221; icon_placement=&#8221;top&#8221; animation=&#8221;off&#8221; background_layout=&#8221;dark&#8221; text_orientation=&#8221;center&#8221; use_icon_font_size=&#8221;off&#8221; use_border_color=&#8221;off&#8221; border_color=&#8221;#ffffff&#8221; border_style=&#8221;solid&#8221; url=&#8221;\/fr\/cours-de-langues-one-to-one\/&#8221; body_font_size=&#8221;13&#8243;]<\/p>\n<p><strong>COURS DE <br \/> LANGUES<\/strong><\/p>\n<p>[\/et_pb_blurb][\/et_pb_column][et_pb_column type=&#8221;1_4&#8243;][et_pb_blurb admin_label=&#8221;Blurb&#8221; url_new_window=&#8221;off&#8221; use_icon=&#8221;off&#8221; icon_color=&#8221;#7EBEC5&#8243; use_circle=&#8221;off&#8221; circle_color=&#8221;#7EBEC5&#8243; use_circle_border=&#8221;off&#8221; circle_border_color=&#8221;#7EBEC5&#8243; image=&#8221;http:\/\/swiss-eduservice.com\/wp-content\/uploads\/2017\/04\/translate.png&#8221; icon_placement=&#8221;top&#8221; animation=&#8221;off&#8221; background_layout=&#8221;dark&#8221; text_orientation=&#8221;center&#8221; use_icon_font_size=&#8221;off&#8221; use_border_color=&#8221;off&#8221; border_color=&#8221;#ffffff&#8221; border_style=&#8221;solid&#8221; url=&#8221;\/fr\/offres\/&#8221; body_font_size=&#8221;13&#8243;]<\/p>\n<p><strong>S\u00c9JOURS <br \/> LINGUISTIQUES<\/strong><\/p>\n<p>[\/et_pb_blurb][\/et_pb_column][et_pb_column type=&#8221;1_4&#8243;][et_pb_blurb admin_label=&#8221;Blurb&#8221; url_new_window=&#8221;off&#8221; use_icon=&#8221;off&#8221; icon_color=&#8221;#7EBEC5&#8243; use_circle=&#8221;off&#8221; circle_color=&#8221;#7EBEC5&#8243; use_circle_border=&#8221;off&#8221; circle_border_color=&#8221;#7EBEC5&#8243; image=&#8221;http:\/\/swiss-eduservice.com\/wp-content\/uploads\/2017\/04\/translation-page.png&#8221; icon_placement=&#8221;top&#8221; animation=&#8221;off&#8221; background_layout=&#8221;dark&#8221; text_orientation=&#8221;center&#8221; use_icon_font_size=&#8221;off&#8221; use_border_color=&#8221;off&#8221; border_color=&#8221;#ffffff&#8221; border_style=&#8221;solid&#8221; url=&#8221;\/fr\/traduction\/&#8221; body_font_size=&#8221;13&#8243;]<\/p>\n<p><strong>TRADUCTION <br \/> &amp; RELECTURE<\/strong><\/p>\n<p>[\/et_pb_blurb][\/et_pb_column][\/et_pb_row][\/et_pb_section][et_pb_section admin_label=&#8221;Section&#8221; fullwidth=&#8221;off&#8221; specialty=&#8221;off&#8221; transparent_background=&#8221;off&#8221; background_color=&#8221;rgba(255,255,255,0)&#8221; allow_player_pause=&#8221;off&#8221; inner_shadow=&#8221;off&#8221; parallax=&#8221;off&#8221; parallax_method=&#8221;off&#8221; padding_mobile=&#8221;off&#8221; make_fullwidth=&#8221;off&#8221; use_custom_width=&#8221;off&#8221; width_unit=&#8221;on&#8221; make_equal=&#8221;off&#8221; use_custom_gutter=&#8221;off&#8221; custom_padding=&#8221;0px|||&#8221;][et_pb_row admin_label=&#8221;Row&#8221; make_fullwidth=&#8221;on&#8221; use_custom_width=&#8221;off&#8221; width_unit=&#8221;on&#8221; use_custom_gutter=&#8221;off&#8221; padding_mobile=&#8221;off&#8221; allow_player_pause=&#8221;off&#8221; parallax=&#8221;off&#8221; parallax_method=&#8221;off&#8221; make_equal=&#8221;off&#8221; parallax_1=&#8221;off&#8221; parallax_method_1=&#8221;off&#8221; column_padding_mobile=&#8221;on&#8221; custom_padding=&#8221;0px|||&#8221;][et_pb_column type=&#8221;4_4&#8243;][\/et_pb_column][\/et_pb_row][\/et_pb_section]<\/p>\n","protected":false},"excerpt":{"rendered":"<p>[et_pb_section admin_label=&#8221;Section&#8221; fullwidth=&#8221;on&#8221; specialty=&#8221;off&#8221;][et_pb_fullwidth_code admin_label=&#8221;Fullwidth Code&#8221;][smartslider3 slider=79][\/et_pb_fullwidth_code][\/et_pb_section][et_pb_section admin_label=&#8221;Section&#8221; fullwidth=&#8221;off&#8221; specialty=&#8221;off&#8221; transparent_background=&#8221;off&#8221; allow_player_pause=&#8221;off&#8221; inner_shadow=&#8221;off&#8221; parallax=&#8221;off&#8221; parallax_method=&#8221;off&#8221; custom_padding=&#8221;0px||0px|&#8221; padding_mobile=&#8221;off&#8221; make_fullwidth=&#8221;off&#8221; use_custom_width=&#8221;off&#8221; width_unit=&#8221;on&#8221; make_equal=&#8221;off&#8221; use_custom_gutter=&#8221;off&#8221; background_color=&#8221;rgba(255,255,255,0)&#8221;][et_pb_row admin_label=&#8221;Row&#8221; make_fullwidth=&#8221;off&#8221; use_custom_width=&#8221;off&#8221; width_unit=&#8221;on&#8221; use_custom_gutter=&#8221;off&#8221; gutter_width=&#8221;0&#8243; padding_mobile=&#8221;on&#8221; allow_player_pause=&#8221;off&#8221; parallax=&#8221;off&#8221; parallax_method=&#8221;off&#8221; make_equal=&#8221;off&#8221; parallax_1=&#8221;off&#8221; parallax_method_1=&#8221;off&#8221; parallax_2=&#8221;off&#8221; parallax_method_2=&#8221;off&#8221; parallax_3=&#8221;off&#8221; parallax_method_3=&#8221;off&#8221; column_padding_mobile=&#8221;on&#8221; custom_padding=&#8221;||0px|&#8221;][et_pb_column type=&#8221;4_4&#8243;][et_pb_text admin_label=&#8221;Text&#8221; background_layout=&#8221;light&#8221; text_orientation=&#8221;center&#8221; use_border_color=&#8221;off&#8221; border_color=&#8221;#ffffff&#8221; border_style=&#8221;solid&#8221; custom_margin=&#8221;||15px|&#8221; text_font=&#8221;|||on|&#8221;] voyage linguistique [\/et_pb_text][et_pb_text admin_label=&#8221;Text&#8221; [&hellip;]<\/p>\n","protected":false},"author":1,"featured_media":0,"parent":0,"menu_order":0,"comment_status":"closed","ping_status":"closed","template":"","meta":{"nf_dc_page":"","om_disable_all_campaigns":false,"footnotes":""},"yst_prominent_words":[455,630,647,646,644,629,627,649,642,640,638,645,631,628,637,651,635,641,639,648],"class_list":["post-1485","page","type-page","status-publish","hentry"],"jetpack_sharing_enabled":true,"_links":{"self":[{"href":"https:\/\/www.swiss-eduservice.com\/fr\/wp-json\/wp\/v2\/pages\/1485","targetHints":{"allow":["GET"]}}],"collection":[{"href":"https:\/\/www.swiss-eduservice.com\/fr\/wp-json\/wp\/v2\/pages"}],"about":[{"href":"https:\/\/www.swiss-eduservice.com\/fr\/wp-json\/wp\/v2\/types\/page"}],"author":[{"embeddable":true,"href":"https:\/\/www.swiss-eduservice.com\/fr\/wp-json\/wp\/v2\/users\/1"}],"replies":[{"embeddable":true,"href":"https:\/\/www.swiss-eduservice.com\/fr\/wp-json\/wp\/v2\/comments?post=1485"}],"version-history":[{"count":10,"href":"https:\/\/www.swiss-eduservice.com\/fr\/wp-json\/wp\/v2\/pages\/1485\/revisions"}],"predecessor-version":[{"id":1859,"href":"https:\/\/www.swiss-eduservice.com\/fr\/wp-json\/wp\/v2\/pages\/1485\/revisions\/1859"}],"wp:attachment":[{"href":"https:\/\/www.swiss-eduservice.com\/fr\/wp-json\/wp\/v2\/media?parent=1485"}],"wp:term":[{"taxonomy":"yst_prominent_words","embeddable":true,"href":"https:\/\/www.swiss-eduservice.com\/fr\/wp-json\/wp\/v2\/yst_prominent_words?post=1485"}],"curies":[{"name":"wp","href":"https:\/\/api.w.org\/{rel}","templated":true}]}}