{"id":1251,"date":"2017-06-03T14:09:52","date_gmt":"2017-06-03T14:09:52","guid":{"rendered":"http:\/\/www.swiss-eduservice.com\/de\/in-company-business-language-courses\/"},"modified":"2018-11-18T11:29:59","modified_gmt":"2018-11-18T11:29:59","slug":"firmensprachkurs","status":"publish","type":"page","link":"https:\/\/www.swiss-eduservice.com\/de\/firmensprachkurs\/","title":{"rendered":"FIRMENSPRACHKURS"},"content":{"rendered":"<p>[et_pb_section admin_label=&#8221;Section&#8221; fullwidth=&#8221;on&#8221; specialty=&#8221;off&#8221;][et_pb_fullwidth_code admin_label=&#8221;Fullwidth Code&#8221;][smartslider3 slider=54][\/et_pb_fullwidth_code][\/et_pb_section][et_pb_section admin_label=&#8221;Section&#8221; fullwidth=&#8221;off&#8221; specialty=&#8221;off&#8221; transparent_background=&#8221;off&#8221; allow_player_pause=&#8221;off&#8221; inner_shadow=&#8221;off&#8221; parallax=&#8221;off&#8221; parallax_method=&#8221;off&#8221; custom_padding=&#8221;0px||0px|&#8221; padding_mobile=&#8221;off&#8221; make_fullwidth=&#8221;off&#8221; use_custom_width=&#8221;off&#8221; width_unit=&#8221;on&#8221; make_equal=&#8221;off&#8221; use_custom_gutter=&#8221;off&#8221; background_color=&#8221;rgba(255,255,255,0)&#8221;][et_pb_row admin_label=&#8221;Row&#8221; make_fullwidth=&#8221;off&#8221; use_custom_width=&#8221;off&#8221; width_unit=&#8221;on&#8221; use_custom_gutter=&#8221;off&#8221; gutter_width=&#8221;0&#8243; padding_mobile=&#8221;on&#8221; allow_player_pause=&#8221;off&#8221; parallax=&#8221;off&#8221; parallax_method=&#8221;off&#8221; make_equal=&#8221;off&#8221; parallax_1=&#8221;off&#8221; parallax_method_1=&#8221;off&#8221; parallax_2=&#8221;off&#8221; parallax_method_2=&#8221;off&#8221; parallax_3=&#8221;off&#8221; parallax_method_3=&#8221;off&#8221; column_padding_mobile=&#8221;on&#8221; custom_padding=&#8221;||0px|&#8221;][et_pb_column type=&#8221;4_4&#8243;][et_pb_text admin_label=&#8221;Text&#8221; background_layout=&#8221;light&#8221; text_orientation=&#8221;center&#8221; use_border_color=&#8221;off&#8221; border_color=&#8221;#ffffff&#8221; border_style=&#8221;solid&#8221; custom_margin=&#8221;||15px|&#8221;]<\/p>\n<h1 style=\"font-size:35px\">SPRACHEN UND BUSINESS FIRMENKURSE<\/h1>\n<p>[\/et_pb_text][et_pb_text admin_label=&#8221;Text&#8221; background_layout=&#8221;light&#8221; text_orientation=&#8221;center&#8221; use_border_color=&#8221;off&#8221; border_color=&#8221;#ffffff&#8221; border_style=&#8221;solid&#8221; custom_css_main_element=&#8221;    font-size: 18px !important;&#8221;]<\/p>\n<p><em>SES<\/em> ist spezialisiert auf Firmeninterne Sprach- und Businesssprachkurse. Dabei liegt unser Fokus spezifisch auf den linguistischen Herausforderungen, die es in einem professionellen Umfeld zu meistern gilt. SES bieten Firmen massgeschneiderte Sprachkurse an. Investieren Sie in die Zukunft und bilden Sie Ihre Mitarbeiter weiter! Es lohnt sich f\u00fcr Sie, Ihre Firma, Ihre Mitarbeiter und nicht zuletzt auch f\u00fcr Ihre Kunden.<\/p>\n<p>[\/et_pb_text][\/et_pb_column][\/et_pb_row][\/et_pb_section][et_pb_section admin_label=&#8221;section&#8221;][et_pb_row admin_label=&#8221;Row&#8221;][et_pb_column type=&#8221;4_4&#8243;][et_pb_divider admin_label=&#8221;Divider&#8221; color=&#8221;#a5a5a5&#8243; show_divider=&#8221;on&#8221; divider_style=&#8221;solid&#8221; divider_position=&#8221;top&#8221; hide_on_mobile=&#8221;on&#8221;]<\/p>\n<p>[\/et_pb_divider][\/et_pb_column][\/et_pb_row][et_pb_row admin_label=&#8221;row&#8221;][et_pb_column type=&#8221;1_2&#8243;][et_pb_image admin_label=&#8221;Image&#8221; src=&#8221;http:\/\/www.swiss-eduservice.com\/wp-content\/uploads\/2017\/11\/IMG_5980.jpg&#8221; show_in_lightbox=&#8221;off&#8221; url_new_window=&#8221;off&#8221; use_overlay=&#8221;off&#8221; animation=&#8221;off&#8221; sticky=&#8221;off&#8221; align=&#8221;left&#8221; force_fullwidth=&#8221;off&#8221; always_center_on_mobile=&#8221;on&#8221; use_border_color=&#8221;off&#8221; border_color=&#8221;#ffffff&#8221; border_style=&#8221;solid&#8221; custom_margin_last_edited=&#8221;off|phone&#8221;]<\/p>\n<p>[\/et_pb_image][\/et_pb_column][et_pb_column type=&#8221;1_2&#8243;][et_pb_image admin_label=&#8221;Image&#8221; src=&#8221;http:\/\/www.swiss-eduservice.com\/wp-content\/uploads\/2017\/11\/IMG_5903.jpg&#8221; show_in_lightbox=&#8221;off&#8221; url_new_window=&#8221;off&#8221; use_overlay=&#8221;off&#8221; animation=&#8221;off&#8221; sticky=&#8221;off&#8221; align=&#8221;left&#8221; force_fullwidth=&#8221;off&#8221; always_center_on_mobile=&#8221;on&#8221; use_border_color=&#8221;off&#8221; border_color=&#8221;#ffffff&#8221; border_style=&#8221;solid&#8221; custom_margin_last_edited=&#8221;off|phone&#8221;]<\/p>\n<p>[\/et_pb_image][\/et_pb_column][\/et_pb_row][et_pb_row admin_label=&#8221;row&#8221;][et_pb_column type=&#8221;4_4&#8243;][et_pb_text admin_label=&#8221;Text&#8221; background_layout=&#8221;light&#8221; text_orientation=&#8221;justified&#8221; use_border_color=&#8221;off&#8221; border_color=&#8221;#ffffff&#8221; border_style=&#8221;solid&#8221;]<\/p>\n<p>Interessierten Firmen bieten wir folgende Dienste an:<\/p>\n<hr class=\"hr-h2\">\n<p>[\/et_pb_text][et_pb_text admin_label=&#8221;Text&#8221; background_layout=&#8221;light&#8221; text_orientation=&#8221;justified&#8221; use_border_color=&#8221;off&#8221; border_color=&#8221;#ffffff&#8221; border_style=&#8221;solid&#8221; custom_css_main_element=&#8221;    font-size: 16px !important;&#8221;]<\/p>\n<ul id=\"list-space\">\n<li>Eine kostenlose und unverbindliche Probelektion.<\/li>\n<li>Firmen und Businesssprachkurse mit SES bietet Ihnen optimale Flexibilit\u00e4t, angepasst auf Ihren beruflichen Hintergrund. Sie entscheiden den Tag, die Zeit und den Unterrichtsinhalt. Die Lehrkraft ist nur f\u00fcr Sie da und kann auf alle Ihre W\u00fcnsche eingehen.<\/li>\n<li>Unser Sprachexperte geht ein auf die St\u00e4rken und Schw\u00e4chen Ihres Mitarbeitenden und setzt an dieser Stelle im Unterricht nachhaltig an.<\/li>\n<li>Ihre Mitarbeitenden eignen sich das branchenspezifische Vokabular an. Zugleich gehen wir auch auf die kulturellen Gegebenheiten ein, die im Gesch\u00e4ftsalltag Ihrer Mitarbeitenden wichtig sind.  <\/li>\n<li>Ihre Mitarbeitenden lernen relevantes Vokabular und n\u00fctzliche. Redewendungen, die sie im Berufsalltag direkt anwenden k\u00f6nnen.<\/li>\n<li>Mit dem Zugang zu unserer Firmen und Businesssprachkurse, erhalten Sie auch Zugang zu ausf\u00fchrlichen Lernmaterialien: ca. 140 Seiten starkes PDF-Dokument und Tondateien, so dass Sie auch ausserhalb des Unterrichts lernen k\u00f6nnen.<\/li>\n<li>Dank Firmen und Businesssprachkurse mit SES, Sie Profitieren von Der richtige Lernmix aus m\u00fcndlicher Kommunikation und dem Vertiefen von Grammatikkenntnissen sowie Wortschatz erm\u00f6glicht es Ihnen, sich besser auszudr\u00fccken und anspruchsvollere Texte zu verfassen.<\/li>\n<li>Dieser Firmen und Businesssprachkurse beinhaltet:\n<ul>\n<li>M\u00fcndliche und schriftliche \u00dcbungen zum beruflichen Alltag Conversation: Ihre Mitarbeitenden trainieren verschiedene Gesch\u00e4ftssituationen aus dem Berufsalltag. <\/li>\n<li>H\u00f6ren: Hauptinformationen entnehmen aus Berichten \u00fcber aktuelle Ereignisse sowie von Themen aus Ihrem Berufs- und Interessengebiet Grammar exercises and writing.<\/li>\n<li>Aktives und abwechslungsreiches Lernen mit zeitgem\u00e4ssen Lehrmitteln<\/li>\n<li>Praktische \u00dcbungen und Rollenspiele: auf der Baustelle, in Meetings mit internationalen Kunden oder im Austausch mit der Niederlassung in einer anderen Sprachregion.<\/li>\n<\/ul>\n<\/li>\n<\/ul>\n<p>[\/et_pb_text][\/et_pb_column][\/et_pb_row][et_pb_row admin_label=&#8221;Row&#8221;][et_pb_column type=&#8221;4_4&#8243;][et_pb_divider admin_label=&#8221;Divider&#8221; color=&#8221;#a5a5a5&#8243; show_divider=&#8221;on&#8221; divider_style=&#8221;solid&#8221; divider_position=&#8221;top&#8221; hide_on_mobile=&#8221;on&#8221;]<\/p>\n<p>[\/et_pb_divider][\/et_pb_column][\/et_pb_row][et_pb_row admin_label=&#8221;Row&#8221; make_fullwidth=&#8221;on&#8221; use_custom_width=&#8221;off&#8221; width_unit=&#8221;on&#8221; use_custom_gutter=&#8221;off&#8221; padding_mobile=&#8221;off&#8221; allow_player_pause=&#8221;off&#8221; parallax=&#8221;off&#8221; parallax_method=&#8221;off&#8221; make_equal=&#8221;off&#8221; parallax_1=&#8221;off&#8221; parallax_method_1=&#8221;off&#8221; column_padding_mobile=&#8221;on&#8221;][et_pb_column type=&#8221;4_4&#8243;][et_pb_text admin_label=&#8221;Text&#8221; background_layout=&#8221;light&#8221; text_orientation=&#8221;center&#8221; text_font_size=&#8221;24&#8243; use_border_color=&#8221;off&#8221; border_color=&#8221;#ffffff&#8221; border_style=&#8221;solid&#8221; text_line_height=&#8221;1.6em&#8221;]<\/p>\n<p>HABEN SIE FRAGEN ZUM FIRMEN UND BUSINESSSPRACHKURS?  INTERESSIEREN SIE SICH F\u00dcR EINEN KURS? STEHEN WIR GERNE F\u00dcR EINE KOSTENLOSE, TELEFONISCHE BERATUNG ODER PER E-MAIL ZUR VERF\u00dcGUNG<\/p>\n<p>[\/et_pb_text][et_pb_button admin_label=&#8221;Button&#8221; button_url=&#8221;\/de\/kursanfrage\/&#8221; url_new_window=&#8221;off&#8221; button_text=&#8221;KONTAKTFORMULAR&#8221; button_alignment=&#8221;center&#8221; background_layout=&#8221;light&#8221; custom_button=&#8221;on&#8221; button_text_color=&#8221;#ffffff&#8221; button_bg_color=&#8221;#0390c5&#8243; button_border_width=&#8221;0&#8243; button_border_radius=&#8221;0&#8243; button_letter_spacing=&#8221;0&#8243; button_use_icon=&#8221;off&#8221; button_icon_placement=&#8221;right&#8221; button_on_hover=&#8221;on&#8221; button_text_color_hover=&#8221;#ffffff&#8221; button_bg_color_hover=&#8221;rgba(3,144,197,0.71)&#8221; button_letter_spacing_hover=&#8221;0&#8243;]<\/p>\n<p>[\/et_pb_button][\/et_pb_column][\/et_pb_row][\/et_pb_section][et_pb_section admin_label=&#8221;Section&#8221; fullwidth=&#8221;off&#8221; specialty=&#8221;off&#8221; background_image=&#8221;http:\/\/swiss-eduservice.com\/wp-content\/uploads\/2017\/04\/features-5.jpg&#8221; transparent_background=&#8221;off&#8221; allow_player_pause=&#8221;off&#8221; inner_shadow=&#8221;off&#8221; parallax=&#8221;on&#8221; parallax_method=&#8221;off&#8221; padding_mobile=&#8221;off&#8221; make_fullwidth=&#8221;off&#8221; use_custom_width=&#8221;off&#8221; width_unit=&#8221;on&#8221; make_equal=&#8221;off&#8221; use_custom_gutter=&#8221;off&#8221; custom_css_main_element=&#8221;    border-radius: 6px;||    margin-left: 20px;||    margin-right: 20px;||box-shadow: 0 0 44px rgba(0, 0, 0, 0.7) !important;||-webkit-box-shadow: 0 0 44px rgba(0, 0, 0, 0.7)  !important;||    -moz-box-shadow: 0 0 44px rgba(0, 0, 0, 0.7) !important;&#8221;][et_pb_row admin_label=&#8221;Row&#8221; make_fullwidth=&#8221;on&#8221; use_custom_width=&#8221;on&#8221; width_unit=&#8221;off&#8221; use_custom_gutter=&#8221;on&#8221; gutter_width=&#8221;0&#8243; padding_mobile=&#8221;off&#8221; allow_player_pause=&#8221;off&#8221; parallax=&#8221;off&#8221; parallax_method=&#8221;off&#8221; make_equal=&#8221;off&#8221; parallax_1=&#8221;off&#8221; parallax_method_1=&#8221;off&#8221; padding_right_1=&#8221;50px&#8221; padding_left_1=&#8221;50px&#8221; padding_1_last_edited=&#8221;on|phone&#8221; parallax_2=&#8221;off&#8221; parallax_method_2=&#8221;off&#8221; padding_right_2=&#8221;50px&#8221; padding_left_2=&#8221;50px&#8221; padding_2_last_edited=&#8221;on|tablet&#8221; parallax_3=&#8221;off&#8221; parallax_method_3=&#8221;off&#8221; padding_right_3=&#8221;50px&#8221; padding_left_3=&#8221;50px&#8221; padding_3_last_edited=&#8221;on|phone&#8221; parallax_4=&#8221;off&#8221; parallax_method_4=&#8221;off&#8221; padding_right_4=&#8221;50px&#8221; padding_left_4=&#8221;50px&#8221; padding_4_last_edited=&#8221;on|phone&#8221; column_padding_mobile=&#8221;on&#8221; custom_css_main_1=&#8221;    border-right: 2px solid #fff;&#8221; custom_css_main_2=&#8221;    border-right: 2px solid #fff;&#8221; custom_css_main_3=&#8221;    border-right: 2px solid #fff;&#8221; padding_1_tablet=&#8221;|20px||20px&#8221; padding_1_phone=&#8221;|10px||10px&#8221; padding_2_tablet=&#8221;|10px||10px&#8221; padding_3_tablet=&#8221;|20px||20px&#8221; padding_3_phone=&#8221;|10px||10px&#8221; padding_4_tablet=&#8221;|20px||20px&#8221; padding_4_phone=&#8221;|10px||10px&#8221; custom_css_main_4=&#8221;padding-left: 0px;||    padding-right: 0px;&#8221;][et_pb_column type=&#8221;1_4&#8243;][et_pb_blurb admin_label=&#8221;Blurb&#8221; url_new_window=&#8221;off&#8221; use_icon=&#8221;off&#8221; icon_color=&#8221;#7EBEC5&#8243; use_circle=&#8221;off&#8221; circle_color=&#8221;#7EBEC5&#8243; use_circle_border=&#8221;off&#8221; circle_border_color=&#8221;#7EBEC5&#8243; image=&#8221;http:\/\/swiss-eduservice.com\/wp-content\/uploads\/2017\/04\/worlwide.png&#8221; icon_placement=&#8221;top&#8221; animation=&#8221;off&#8221; background_layout=&#8221;dark&#8221; text_orientation=&#8221;center&#8221; use_icon_font_size=&#8221;off&#8221; use_border_color=&#8221;off&#8221; border_color=&#8221;#ffffff&#8221; border_style=&#8221;solid&#8221; url=&#8221;\/de\/fuer-studierende\/&#8221; body_font_size=&#8221;13&#8243;]<\/p>\n<p><strong>AUSLANDSSTUDIUM<\/strong><\/p>\n<p>[\/et_pb_blurb][\/et_pb_column][et_pb_column type=&#8221;1_4&#8243;][et_pb_blurb admin_label=&#8221;Blurb&#8221; url_new_window=&#8221;off&#8221; use_icon=&#8221;off&#8221; icon_color=&#8221;#7EBEC5&#8243; use_circle=&#8221;off&#8221; circle_color=&#8221;#7EBEC5&#8243; use_circle_border=&#8221;off&#8221; circle_border_color=&#8221;#7EBEC5&#8243; image=&#8221;http:\/\/swiss-eduservice.com\/wp-content\/uploads\/2017\/04\/books-stack-of-three.png&#8221; icon_placement=&#8221;top&#8221; animation=&#8221;off&#8221; background_layout=&#8221;dark&#8221; text_orientation=&#8221;center&#8221; use_icon_font_size=&#8221;off&#8221; use_border_color=&#8221;off&#8221; border_color=&#8221;#ffffff&#8221; border_style=&#8221;solid&#8221; url=&#8221;\/de\/one-to-one-sprachunterricht\/&#8221; body_font_size=&#8221;13&#8243;]<\/p>\n<p><strong>SPRACHKURSE<\/strong><\/p>\n<p>[\/et_pb_blurb][\/et_pb_column][et_pb_column type=&#8221;1_4&#8243;][et_pb_blurb admin_label=&#8221;Blurb&#8221; url_new_window=&#8221;off&#8221; use_icon=&#8221;off&#8221; icon_color=&#8221;#7EBEC5&#8243; use_circle=&#8221;off&#8221; circle_color=&#8221;#7EBEC5&#8243; use_circle_border=&#8221;off&#8221; circle_border_color=&#8221;#7EBEC5&#8243; image=&#8221;http:\/\/swiss-eduservice.com\/wp-content\/uploads\/2017\/04\/translate.png&#8221; icon_placement=&#8221;top&#8221; animation=&#8221;off&#8221; background_layout=&#8221;dark&#8221; text_orientation=&#8221;center&#8221; use_icon_font_size=&#8221;off&#8221; use_border_color=&#8221;off&#8221; border_color=&#8221;#ffffff&#8221; border_style=&#8221;solid&#8221; url=&#8221;\/de\/angeboten\/&#8221; body_font_size=&#8221;13&#8243;]<\/p>\n<p><strong>SPRACHAUFENTHALTE<\/strong><\/p>\n<p>[\/et_pb_blurb][\/et_pb_column][et_pb_column type=&#8221;1_4&#8243;][et_pb_blurb admin_label=&#8221;Blurb&#8221; url_new_window=&#8221;off&#8221; use_icon=&#8221;off&#8221; icon_color=&#8221;#7EBEC5&#8243; use_circle=&#8221;off&#8221; circle_color=&#8221;#7EBEC5&#8243; use_circle_border=&#8221;off&#8221; circle_border_color=&#8221;#7EBEC5&#8243; image=&#8221;http:\/\/swiss-eduservice.com\/wp-content\/uploads\/2017\/04\/translation-page.png&#8221; icon_placement=&#8221;top&#8221; animation=&#8221;off&#8221; background_layout=&#8221;dark&#8221; text_orientation=&#8221;center&#8221; use_icon_font_size=&#8221;off&#8221; use_border_color=&#8221;off&#8221; border_color=&#8221;#ffffff&#8221; border_style=&#8221;solid&#8221; url=&#8221;\/de\/uebersetzung\/&#8221; body_font_size=&#8221;13&#8243;]<\/p>\n<p><strong>\u00dcBERSETZUNGEN &amp; LEKTORAT<\/strong><\/p>\n<p>[\/et_pb_blurb][\/et_pb_column][\/et_pb_row][\/et_pb_section][et_pb_section admin_label=&#8221;Section&#8221; fullwidth=&#8221;off&#8221; specialty=&#8221;off&#8221; transparent_background=&#8221;off&#8221; background_color=&#8221;rgba(255,255,255,0)&#8221; allow_player_pause=&#8221;off&#8221; inner_shadow=&#8221;off&#8221; parallax=&#8221;off&#8221; parallax_method=&#8221;off&#8221; padding_mobile=&#8221;off&#8221; make_fullwidth=&#8221;off&#8221; use_custom_width=&#8221;off&#8221; width_unit=&#8221;on&#8221; make_equal=&#8221;off&#8221; use_custom_gutter=&#8221;off&#8221; custom_padding=&#8221;0px|||&#8221;][et_pb_row admin_label=&#8221;Row&#8221; make_fullwidth=&#8221;on&#8221; use_custom_width=&#8221;off&#8221; width_unit=&#8221;on&#8221; use_custom_gutter=&#8221;off&#8221; padding_mobile=&#8221;off&#8221; allow_player_pause=&#8221;off&#8221; parallax=&#8221;off&#8221; parallax_method=&#8221;off&#8221; make_equal=&#8221;off&#8221; parallax_1=&#8221;off&#8221; parallax_method_1=&#8221;off&#8221; column_padding_mobile=&#8221;on&#8221; custom_padding=&#8221;0px|||&#8221;][et_pb_column type=&#8221;4_4&#8243;][\/et_pb_column][\/et_pb_row][\/et_pb_section]<\/p>\n","protected":false},"excerpt":{"rendered":"<p>[et_pb_section admin_label=&#8221;Section&#8221; fullwidth=&#8221;on&#8221; specialty=&#8221;off&#8221;][et_pb_fullwidth_code admin_label=&#8221;Fullwidth Code&#8221;][smartslider3 slider=54][\/et_pb_fullwidth_code][\/et_pb_section][et_pb_section admin_label=&#8221;Section&#8221; fullwidth=&#8221;off&#8221; specialty=&#8221;off&#8221; transparent_background=&#8221;off&#8221; allow_player_pause=&#8221;off&#8221; inner_shadow=&#8221;off&#8221; parallax=&#8221;off&#8221; parallax_method=&#8221;off&#8221; custom_padding=&#8221;0px||0px|&#8221; padding_mobile=&#8221;off&#8221; make_fullwidth=&#8221;off&#8221; use_custom_width=&#8221;off&#8221; width_unit=&#8221;on&#8221; make_equal=&#8221;off&#8221; use_custom_gutter=&#8221;off&#8221; background_color=&#8221;rgba(255,255,255,0)&#8221;][et_pb_row admin_label=&#8221;Row&#8221; make_fullwidth=&#8221;off&#8221; use_custom_width=&#8221;off&#8221; width_unit=&#8221;on&#8221; use_custom_gutter=&#8221;off&#8221; gutter_width=&#8221;0&#8243; padding_mobile=&#8221;on&#8221; allow_player_pause=&#8221;off&#8221; parallax=&#8221;off&#8221; parallax_method=&#8221;off&#8221; make_equal=&#8221;off&#8221; parallax_1=&#8221;off&#8221; parallax_method_1=&#8221;off&#8221; parallax_2=&#8221;off&#8221; parallax_method_2=&#8221;off&#8221; parallax_3=&#8221;off&#8221; parallax_method_3=&#8221;off&#8221; column_padding_mobile=&#8221;on&#8221; custom_padding=&#8221;||0px|&#8221;][et_pb_column type=&#8221;4_4&#8243;][et_pb_text admin_label=&#8221;Text&#8221; background_layout=&#8221;light&#8221; text_orientation=&#8221;center&#8221; use_border_color=&#8221;off&#8221; border_color=&#8221;#ffffff&#8221; border_style=&#8221;solid&#8221; custom_margin=&#8221;||15px|&#8221;] SPRACHEN UND BUSINESS FIRMENKURSE [\/et_pb_text][et_pb_text [&hellip;]<\/p>\n","protected":false},"author":1,"featured_media":0,"parent":0,"menu_order":0,"comment_status":"closed","ping_status":"closed","template":"","meta":{"nf_dc_page":"","om_disable_all_campaigns":false,"footnotes":""},"yst_prominent_words":[259,256,250,197,244,252,246,247,245,258,253,240,255,261,254,241,249,251,248,257],"class_list":["post-1251","page","type-page","status-publish","hentry"],"jetpack_sharing_enabled":true,"_links":{"self":[{"href":"https:\/\/www.swiss-eduservice.com\/de\/wp-json\/wp\/v2\/pages\/1251","targetHints":{"allow":["GET"]}}],"collection":[{"href":"https:\/\/www.swiss-eduservice.com\/de\/wp-json\/wp\/v2\/pages"}],"about":[{"href":"https:\/\/www.swiss-eduservice.com\/de\/wp-json\/wp\/v2\/types\/page"}],"author":[{"embeddable":true,"href":"https:\/\/www.swiss-eduservice.com\/de\/wp-json\/wp\/v2\/users\/1"}],"replies":[{"embeddable":true,"href":"https:\/\/www.swiss-eduservice.com\/de\/wp-json\/wp\/v2\/comments?post=1251"}],"version-history":[{"count":11,"href":"https:\/\/www.swiss-eduservice.com\/de\/wp-json\/wp\/v2\/pages\/1251\/revisions"}],"predecessor-version":[{"id":1868,"href":"https:\/\/www.swiss-eduservice.com\/de\/wp-json\/wp\/v2\/pages\/1251\/revisions\/1868"}],"wp:attachment":[{"href":"https:\/\/www.swiss-eduservice.com\/de\/wp-json\/wp\/v2\/media?parent=1251"}],"wp:term":[{"taxonomy":"yst_prominent_words","embeddable":true,"href":"https:\/\/www.swiss-eduservice.com\/de\/wp-json\/wp\/v2\/yst_prominent_words?post=1251"}],"curies":[{"name":"wp","href":"https:\/\/api.w.org\/{rel}","templated":true}]}}